{"id":6,"date":"2015-05-25T21:52:31","date_gmt":"2015-05-25T21:52:31","guid":{"rendered":"http:\/\/elek.com.ar\/?page_id=6"},"modified":"2015-05-25T20:39:22","modified_gmt":"2015-05-25T23:39:22","slug":"servicios","status":"publish","type":"page","link":"http:\/\/www.elek.com.ar\/index.php\/servicios\/","title":{"rendered":"SERVICIOS"},"content":{"rendered":"<p>Ingenier\u00eda<\/p>\n<p>Programaci\u00f3n de PLC<\/p>\n<p>Programaci\u00f3n de paneles de operador (HMI)<\/p>\n<p>Software industrial de monitorizaci\u00f3n y control (SCADA)<\/p>\n<p>Armado de tableros el\u00e9ctricos de control<\/p>\n<p>&nbsp;<\/p>\n<p>Trabajamos con m\u00faltiples marcas de equipos, adapt\u00e1ndonos y eligiendo lo m\u00e1s conveniente seg\u00fan las necesidades t\u00e9cnicas del proyecto, posibilidades econ\u00f3micas y la realidad del pa\u00eds.<\/p>\n<p>&nbsp;<\/p>\n<p>&nbsp;<\/p>\n","protected":false},"excerpt":{"rendered":"<p>Ingenier\u00eda Programaci\u00f3n de PLC Programaci\u00f3n de paneles de operador (HMI) Software industrial de monitorizaci\u00f3n y control (SCADA) Armado de tableros el\u00e9ctricos de control &nbsp; Trabajamos con m\u00faltiples marcas de equipos, adapt\u00e1ndonos y<a class=\"moretag\" href=\"http:\/\/www.elek.com.ar\/index.php\/servicios\/\">Read More&#8230;<\/a><\/p>\n","protected":false},"author":1,"featured_media":0,"parent":0,"menu_order":0,"comment_status":"open","ping_status":"open","template":"","meta":{"footnotes":""},"class_list":["post-6","page","type-page","status-publish","hentry"],"_links":{"self":[{"href":"http:\/\/www.elek.com.ar\/index.php\/wp-json\/wp\/v2\/pages\/6","targetHints":{"allow":["GET"]}}],"collection":[{"href":"http:\/\/www.elek.com.ar\/index.php\/wp-json\/wp\/v2\/pages"}],"about":[{"href":"http:\/\/www.elek.com.ar\/index.php\/wp-json\/wp\/v2\/types\/page"}],"author":[{"embeddable":true,"href":"http:\/\/www.elek.com.ar\/index.php\/wp-json\/wp\/v2\/users\/1"}],"replies":[{"embeddable":true,"href":"http:\/\/www.elek.com.ar\/index.php\/wp-json\/wp\/v2\/comments?post=6"}],"version-history":[{"count":3,"href":"http:\/\/www.elek.com.ar\/index.php\/wp-json\/wp\/v2\/pages\/6\/revisions"}],"predecessor-version":[{"id":7,"href":"http:\/\/www.elek.com.ar\/index.php\/wp-json\/wp\/v2\/pages\/6\/revisions\/7"}],"wp:attachment":[{"href":"http:\/\/www.elek.com.ar\/index.php\/wp-json\/wp\/v2\/media?parent=6"}],"curies":[{"name":"wp","href":"https:\/\/api.w.org\/{rel}","templated":true}]}}