{"id":20,"date":"2015-05-25T20:10:55","date_gmt":"2015-05-25T23:10:55","guid":{"rendered":"http:\/\/www.elek.com.ar\/?page_id=20"},"modified":"2015-05-25T20:30:10","modified_gmt":"2015-05-25T23:30:10","slug":"inicio","status":"publish","type":"page","link":"http:\/\/www.elek.com.ar\/","title":{"rendered":"INICIO"},"content":{"rendered":"<p>Somos una empresa argentina, con oficinas y taller en Buenos Aires, que desde el 2006 estamos asistiendo a nuestros clientes en soluciones de automatizaci\u00f3n y sistemas de control industriales, brind\u00e1ndoles todo nuestro conocimiento y capacidades t\u00e9cnicas para satisfacer los crecientes requerimientos de la industria.<\/p>\n","protected":false},"excerpt":{"rendered":"<p>Somos una empresa argentina, con oficinas y taller en Buenos Aires, que desde el 2006 estamos asistiendo a nuestros clientes en soluciones de automatizaci\u00f3n y sistemas de control industriales, brind\u00e1ndoles todo nuestro<a class=\"moretag\" href=\"http:\/\/www.elek.com.ar\/\">Read More&#8230;<\/a><\/p>\n","protected":false},"author":1,"featured_media":0,"parent":0,"menu_order":0,"comment_status":"closed","ping_status":"closed","template":"","meta":{"footnotes":""},"class_list":["post-20","page","type-page","status-publish","hentry"],"_links":{"self":[{"href":"http:\/\/www.elek.com.ar\/index.php\/wp-json\/wp\/v2\/pages\/20","targetHints":{"allow":["GET"]}}],"collection":[{"href":"http:\/\/www.elek.com.ar\/index.php\/wp-json\/wp\/v2\/pages"}],"about":[{"href":"http:\/\/www.elek.com.ar\/index.php\/wp-json\/wp\/v2\/types\/page"}],"author":[{"embeddable":true,"href":"http:\/\/www.elek.com.ar\/index.php\/wp-json\/wp\/v2\/users\/1"}],"replies":[{"embeddable":true,"href":"http:\/\/www.elek.com.ar\/index.php\/wp-json\/wp\/v2\/comments?post=20"}],"version-history":[{"count":4,"href":"http:\/\/www.elek.com.ar\/index.php\/wp-json\/wp\/v2\/pages\/20\/revisions"}],"predecessor-version":[{"id":22,"href":"http:\/\/www.elek.com.ar\/index.php\/wp-json\/wp\/v2\/pages\/20\/revisions\/22"}],"wp:attachment":[{"href":"http:\/\/www.elek.com.ar\/index.php\/wp-json\/wp\/v2\/media?parent=20"}],"curies":[{"name":"wp","href":"https:\/\/api.w.org\/{rel}","templated":true}]}}